{"id":1873,"date":"2016-03-10T18:35:31","date_gmt":"2016-03-10T18:35:31","guid":{"rendered":"https:\/\/assurancetraducoes.com.br\/?page_id=1873"},"modified":"2024-01-11T11:43:42","modified_gmt":"2024-01-11T14:43:42","slug":"home","status":"publish","type":"page","link":"https:\/\/assurancetraducoes.com.br\/","title":{"rendered":"Home"},"content":{"rendered":"<p>[vc_row full_width=&#8221;stretch_row_content_no_spaces&#8221; full_height=&#8221;yes&#8221; row_onepage_id=&#8221;#home&#8221;][vc_column][rev_slider alias=&#8221;home-assurance&#8221;][\/vc_column][\/vc_row][vc_row][vc_column][vc_empty_space height=&#8221;100px&#8221;][\/vc_column][\/vc_row][vc_row full_width=&#8221;stretch_row&#8221; full_height=&#8221;yes&#8221; parallax=&#8221;content-moving&#8221; parallax_image=&#8221;1890&#8243; row_onepage_id=&#8221;#sobre&#8221;][vc_column][vc_row_inner css=&#8221;.vc_custom_1457710720149{margin-right: 30px !important;margin-left: 30px !important;}&#8221;][vc_column_inner][vc_column_text]<\/p>\n<h1 style=\"text-align: center;\">Bem vindo \u00e0 Assurance!<\/h1>\n<p style=\"text-align: center;\"><img loading=\"lazy\" decoding=\"async\" class=\"alignnone wp-image-1876 size-full\" src=\"\/wp-content\/uploads\/2016\/03\/wave.png\" alt=\"\" width=\"57\" height=\"11\" \/><\/p>\n<p style=\"text-align: center;\"><span style=\"color: #999999;\">Assurance significa principalmente Garantia, mas tamb\u00e9m significa Confian\u00e7a e Certeza. E estes s\u00e3o os valores primordiais na execu\u00e7\u00e3o dos servi\u00e7os realizados pela Assurance Tradu\u00e7\u00f5es Cont\u00e1beis:<\/span><\/p>\n<p>[\/vc_column_text][\/vc_column_inner][\/vc_row_inner][vc_row_inner][vc_column_inner width=&#8221;1\/3&#8243;]<div class=\"mgt-icon-box wpb_content_element mgt-icon-box-centered\"><div class=\"mgt-icon-box-icon\"><img decoding=\"async\" src=\"https:\/\/assurancetraducoes.com.br\/wp-content\/uploads\/2016\/03\/qualidade-1.png\" alt=\"Garantia de qualidade\"\/><\/div><div class=\"mgt-icon-box-content\"><h5>Garantia de qualidade<\/h5><\/div><div class=\"clearfix\"><\/div><\/div>[\/vc_column_inner][vc_column_inner width=&#8221;1\/3&#8243;]<div class=\"mgt-icon-box wpb_content_element mgt-icon-box-centered\"><div class=\"mgt-icon-box-icon\"><img decoding=\"async\" src=\"https:\/\/assurancetraducoes.com.br\/wp-content\/uploads\/2016\/03\/confianca-1.png\" alt=\"Garantia de confidencialidade \"\/><\/div><div class=\"mgt-icon-box-content\"><h5>Garantia de confidencialidade <\/h5><\/div><div class=\"clearfix\"><\/div><\/div>[\/vc_column_inner][vc_column_inner width=&#8221;1\/3&#8243;]<div class=\"mgt-icon-box wpb_content_element mgt-icon-box-centered\"><div class=\"mgt-icon-box-icon\"><img decoding=\"async\" src=\"https:\/\/assurancetraducoes.com.br\/wp-content\/uploads\/2016\/03\/prazo-1.png\" alt=\"Garantia de entrega no prazo\"\/><\/div><div class=\"mgt-icon-box-content\"><h5>Garantia de entrega no prazo<\/h5><\/div><div class=\"clearfix\"><\/div><\/div>[\/vc_column_inner][\/vc_row_inner][vc_row_inner css=&#8221;.vc_custom_1457716753788{margin-right: 60px !important;margin-left: 60px !important;}&#8221;][vc_column_inner][vc_column_text]<\/p>\n<h1 style=\"text-align: center;\"><\/h1>\n<p style=\"text-align: center;\"><span style=\"color: #999999;\">Os servi\u00e7os executados pela Assurance seguem os padr\u00f5es Big Four (nomenclatura utilizada para se referir \u00e0s quatro maiores empresas de auditoria e consultoria do mundo).\u00a0<\/span><span style=\"color: #999999;\">Al\u00e9m de tradu\u00e7\u00f5es cont\u00e1beis, a Assurance tamb\u00e9m realiza tradu\u00e7\u00f5es de documentos e relat\u00f3rios das \u00e1reas financeira, tribut\u00e1ria, de consultoria empresarial e corporate finance.<\/span><\/p>\n<p style=\"text-align: center;\"><span style=\"color: #999999;\">A Assurance foi constitu\u00edda em 2009. Sua propriet\u00e1ria e idealizadora, Marisa Koga, \u00e9 Bacharel em Letras, Habilita\u00e7\u00e3o Tradutor e Int\u00e9rprete, e Licenciada em Letras, Portugu\u00eas-Ingl\u00eas, pelo Centro Universit\u00e1rio Ibero-Americano, P\u00f3s-graduada em Gest\u00e3o de Projetos pela Universidade Paulista \u2013 UNIP e certificada em profici\u00eancia em ingl\u00eas pelas Universidades de Cambridge e Oxford. Al\u00e9m dessa vasta viv\u00eancia acad\u00eamica, possui larga experi\u00eancia na \u00e1rea de tradu\u00e7\u00f5es cont\u00e1beis, adquirida durante os 12 anos em que atuou como Gerente e Supervisora do departamento de tradu\u00e7\u00e3o de duas das maiores empresas de auditoria e consultoria do mundo \u2013 a Deloitte e a ent\u00e3o Andersen. Atua ainda, em conjunto com o Instituto dos Auditores Independentes do Brasil \u2013 IBRACON, na tradu\u00e7\u00e3o e revis\u00e3o das normas internacionais de contabilidade.<\/span><\/p>\n<p>[\/vc_column_text][\/vc_column_inner][\/vc_row_inner][vc_empty_space height=&#8221;100px&#8221;][\/vc_column][\/vc_row][vc_row][vc_column][vc_empty_space height=&#8221;100px&#8221;][\/vc_column][\/vc_row][vc_row full_width=&#8221;stretch_row&#8221; full_height=&#8221;yes&#8221; parallax=&#8221;content-moving&#8221; parallax_image=&#8221;1903&#8243; row_onepage_id=&#8221;#clientes&#8221; css=&#8221;.vc_custom_1458051055191{margin-right: 30px !important;margin-left: 30px !important;}&#8221;][vc_column][vc_empty_space height=&#8221;100px&#8221;][vc_column_text]<\/p>\n<h1 style=\"text-align: center;\"><span style=\"color: #ffffff;\">Clientes<\/span><\/h1>\n<p style=\"text-align: center;\"><img loading=\"lazy\" decoding=\"async\" class=\"alignnone wp-image-1899 size-full\" src=\"\/wp-content\/uploads\/2016\/03\/wave-white.png\" alt=\"\" width=\"57\" height=\"11\" \/><\/p>\n<p style=\"text-align: center;\"><span style=\"color: #ffffff;\">A Assurance Tradu\u00e7\u00f5es Cont\u00e1beis atende a grandes empresas nacionais e multinacionais de diversos setores, l\u00edderes em seu segmento, al\u00e9m de diversas empresas listadas em bolsas de valores do Brasil e do exterior.<\/span><\/p>\n<p>[\/vc_column_text][vc_empty_space height=&#8221;100px&#8221;][vc_row_inner][vc_column_inner width=&#8221;1\/4&#8243;][vc_column_text]<\/p>\n<ul>\n<li><span style=\"color: #ffffff;\">Auditoria (incluindo empresa Big Four)<\/span><\/li>\n<li><span style=\"color: #ffffff;\">Automotivo<\/span><\/li>\n<li><span style=\"color: #ffffff;\">Bens de Capital<\/span><\/li>\n<li><span style=\"color: #ffffff;\">Bens de Consumo<\/span><\/li>\n<li><span style=\"color: #ffffff;\">Cimentos<\/span><\/li>\n<\/ul>\n<p>[\/vc_column_text][\/vc_column_inner][vc_column_inner width=&#8221;1\/4&#8243;][vc_column_text]<\/p>\n<ul>\n<li><span style=\"color: #ffffff;\">Constru\u00e7\u00e3o Civil<\/span><\/li>\n<li><span style=\"color: #ffffff;\">Eletroeletr\u00f4nicos<\/span><\/li>\n<li><span style=\"color: #ffffff;\">Energia El\u00e9trica<\/span><\/li>\n<li><span style=\"color: #ffffff;\">Holdings Empresariais<\/span><\/li>\n<li><span style=\"color: #ffffff;\">Institui\u00e7\u00f5es Financeiras<\/span><\/li>\n<\/ul>\n<p>[\/vc_column_text][\/vc_column_inner][vc_column_inner width=&#8221;1\/4&#8243;][vc_column_text]<\/p>\n<ul>\n<li><span style=\"color: #ffffff;\">Manufatura<\/span><\/li>\n<li><span style=\"color: #ffffff;\">Metalurgia e Siderurgia<\/span><\/li>\n<li><span style=\"color: #ffffff; line-height: 1.5;\">Minera\u00e7\u00e3o<\/span><\/li>\n<li><span style=\"color: #ffffff;\">Papel e Celulose<\/span><\/li>\n<li><span style=\"color: #ffffff;\">Qu\u00edmico e Farmac\u00eautico<\/span><\/li>\n<\/ul>\n<p>[\/vc_column_text][\/vc_column_inner][vc_column_inner width=&#8221;1\/4&#8243;][vc_column_text]<\/p>\n<ul>\n<li><span style=\"color: #ffffff;\">Sa\u00fade<\/span><\/li>\n<li><span style=\"color: #ffffff;\">Servi\u00e7os Empresariais<\/span><\/li>\n<li><span style=\"color: #ffffff;\">Tecnologia, M\u00eddia e Telecomunica\u00e7\u00f5es<\/span><\/li>\n<li><span style=\"color: #ffffff; line-height: 1.5;\">Transportes<\/span><\/li>\n<li><span style=\"color: #ffffff;\">Varejo<\/span><\/li>\n<\/ul>\n<p>[\/vc_column_text][\/vc_column_inner][\/vc_row_inner][vc_empty_space height=&#8221;100px&#8221;][\/vc_column][\/vc_row][vc_row][vc_column][vc_row_inner][vc_column_inner offset=&#8221;vc_hidden-md vc_hidden-sm vc_hidden-xs&#8221;][vc_empty_space height=&#8221;400px&#8221;][\/vc_column_inner][\/vc_row_inner][\/vc_column][\/vc_row][vc_row full_width=&#8221;stretch_row_content_no_spaces&#8221; row_onepage_id=&#8221;#confidencialidade&#8221;][vc_column][vc_row_inner][vc_column_inner width=&#8221;1\/2&#8243; offset=&#8221;vc_hidden-md vc_hidden-sm vc_hidden-xs&#8221;]<style scoped='scoped'>.mgt-promo-block-1398020818.mgt-promo-block.darken .mgt-promo-block-content {background-color: rgba(0,0,0,0.3)!important;}.mgt-promo-block-1398020818.mgt-promo-block.animated:hover .mgt-promo-block-content {background-color: rgba(0,0,0,0.5)!important;}<\/style><div class=\"mgt-promo-block animated white-text cover-image text-size-normal darken mgt-promo-block-1398020818 wpb_content_element\" data-style=\"background-image: url(https:\/\/assurancetraducoes.com.br\/wp-content\/uploads\/2016\/03\/bg-confidencialidade.jpg);background-repeat: no-repeat;width: 100%; height: 450px;\"><div class=\"mgt-promo-block-content\"><div class=\"mgt-promo-block-content-inside\"><\/div><\/div><\/div>[\/vc_column_inner][vc_column_inner width=&#8221;1\/2&#8243;]<style scoped='scoped'>.mgt-promo-block-730965936.mgt-promo-block.animated:hover .mgt-promo-block-content {background-color: rgba(0,0,0,0.5)!important;}<\/style><div class=\"mgt-promo-block animated white-text text-size-normal no-darken mgt-promo-block-730965936 wpb_content_element\" data-style=\"background-color: #2b2b2b;width: 100%; height: 450px;\"><div class=\"mgt-promo-block-content va-top\"><div class=\"mgt-promo-block-content-inside vc_custom_1458064423288\">\n<h1 style=\"text-align: left\">Confidencialidade<\/h1>\n<p style=\"text-align: left\"><img loading=\"lazy\" decoding=\"async\" class=\"alignnone wp-image-1899 size-full\" src=\"\/wp-content\/uploads\/2016\/03\/wave-white.png\" alt=\"\" width=\"57\" height=\"11\" \/>\n<p style=\"text-align: left\">A Assurance Tradu\u00e7\u00f5es Cont\u00e1beis assume o compromisso de proteger e garantir a confidencialidade das informa\u00e7\u00f5es constantes em todos os documentos recebidos pela empresa, sem exce\u00e7\u00f5es.\n<p style=\"text-align: left\">Toda e qualquer comunica\u00e7\u00e3o verbal ou escrita entre a Assurance e seus clientes, bem como quaisquer materiais ou informa\u00e7\u00f5es desenvolvidos ou recebidos pela Assurance, s\u00e3o tratadas com total confidencialidade. Assim, assumimos o compromisso de proteger as informa\u00e7\u00f5es confidenciais contra divulga\u00e7\u00e3o a terceiros.\n<\/div><\/div><\/div>[\/vc_column_inner][\/vc_row_inner][\/vc_column][\/vc_row][vc_row][vc_column][vc_empty_space height=&#8221;100px&#8221;][\/vc_column][\/vc_row][vc_row full_width=&#8221;stretch_row&#8221; full_height=&#8221;yes&#8221; parallax=&#8221;content-moving&#8221; parallax_image=&#8221;1915&#8243; row_onepage_id=&#8221;#servi\u00e7os&#8221; css=&#8221;.vc_custom_1458066508151{margin-top: 0px !important;margin-right: 30px !important;margin-left: 30px !important;}&#8221;][vc_column][vc_column_text]<\/p>\n<h1 style=\"text-align: center;\"><span style=\"color: #000000;\">Servi\u00e7os<\/span><\/h1>\n<p style=\"text-align: center;\"><img loading=\"lazy\" decoding=\"async\" class=\"alignnone wp-image-1876 size-full\" src=\"\/wp-content\/uploads\/2016\/03\/wave.png\" alt=\"\" width=\"57\" height=\"11\" \/><\/p>\n<p style=\"text-align: center;\"><span style=\"color: #999999;\">Especializada na tradu\u00e7\u00e3o de documentos nas \u00e1reas de auditoria independente, auditoria interna, controladoria, financeira, cont\u00e1bil, tribut\u00e1ria, consultoria empresarial e corporate finance, a Assurance Tradu\u00e7\u00f5es Cont\u00e1beis garante excel\u00eancia na tradu\u00e7\u00e3o de documentos, quais sejam:<\/span><\/p>\n<p>[\/vc_column_text][vc_empty_space height=&#8221;50px&#8221;][vc_row_inner css=&#8221;.vc_custom_1457985426406{margin-right: 30px !important;margin-left: 30px !important;}&#8221;][vc_column_inner width=&#8221;1\/4&#8243;][vc_column_text]<\/p>\n<ul>\n<li><span style=\"color: #999999; line-height: 1.5;\">Demonstra\u00e7\u00f5es financeiras em BR GAAP, IFRS e US GAAP<\/span><\/li>\n<li><span style=\"color: #999999;\">Informa\u00e7\u00f5es trimestrais, relat\u00f3rios da administra\u00e7\u00e3o, earnings release e outros relat\u00f3rios e documentos direcionados a investidores<\/span><\/li>\n<li><span style=\"color: #999999;\">Documentos de abertura de capital<\/span><\/li>\n<\/ul>\n<p>[\/vc_column_text][\/vc_column_inner][vc_column_inner width=&#8221;1\/4&#8243;][vc_column_text]<\/p>\n<ul>\n<li><span style=\"color: #999999;\">Relat\u00f3rios de due diligence cont\u00e1bil, financeiro, tribut\u00e1rio, trabalhista e ambiental<\/span><\/li>\n<li><span style=\"color: #999999;\">Relat\u00f3rios de procedimentos acordados<\/span><\/li>\n<li><span style=\"color: #999999;\">Relat\u00f3rios sobre controles internos<\/span><\/li>\n<li><span style=\"color: #999999;\">Relat\u00f3rios sobre gest\u00e3o de riscos corporativos<\/span><\/li>\n<li><span style=\"line-height: 1.5; color: #999999;\">Relat\u00f3rios sobre gest\u00e3o de riscos em Tecnologia da Informa\u00e7\u00e3o \u2013 TI<\/span><\/li>\n<\/ul>\n<p>[\/vc_column_text][\/vc_column_inner][vc_column_inner width=&#8221;1\/4&#8243;][vc_column_text]<\/p>\n<ul>\n<li><span style=\"color: #999999;\">Relat\u00f3rios de sustentabilidade<\/span><\/li>\n<li><span style=\"color: #999999;\">Relat\u00f3rios sobre governan\u00e7a corporativa<\/span><\/li>\n<li><span style=\"color: #999999;\">Relat\u00f3rios sobre fus\u00f5es e aquisi\u00e7\u00f5es<\/span><\/li>\n<li><span style=\"color: #999999;\">Consultas tribut\u00e1rias referentes \u00e0s \u00e1reas de impostos diretos e indiretos e \u00e0s \u00e1reas trabalhista e previdenci\u00e1ria<\/span><\/li>\n<\/ul>\n<p>[\/vc_column_text][\/vc_column_inner][vc_column_inner width=&#8221;1\/4&#8243;][vc_column_text]<\/p>\n<ul>\n<li><span style=\"color: #999999;\">Relat\u00f3rios sobre transfer pricing<\/span><\/li>\n<li><span style=\"color: #999999;\">Relat\u00f3rios sobre fus\u00f5es e aquisi\u00e7\u00f5es<\/span><\/li>\n<li><span style=\"color: #999999;\">Relat\u00f3rios sobre reorganiza\u00e7\u00e3o societ\u00e1ria<\/span><\/li>\n<li><span style=\"color: #999999;\">Relat\u00f3rios de avalia\u00e7\u00e3o econ\u00f4mico-financeira<\/span><\/li>\n<li><span style=\"color: #999999;\">Propostas para presta\u00e7\u00e3o de servi\u00e7os profissionais<\/span><\/li>\n<\/ul>\n<p>[\/vc_column_text][\/vc_column_inner][\/vc_row_inner][vc_empty_space height=&#8221;100px&#8221;][\/vc_column][\/vc_row][vc_row full_width=&#8221;stretch_row_content_no_spaces&#8221; content_placement=&#8221;middle&#8221; parallax=&#8221;content-moving&#8221; row_onepage_id=&#8221;#diferenciais&#8221;][vc_column][vc_row_inner][vc_column_inner width=&#8221;1\/2&#8243; offset=&#8221;vc_hidden-md vc_hidden-sm vc_hidden-xs&#8221;]<style scoped='scoped'>.mgt-promo-block-1398020818.mgt-promo-block.darken .mgt-promo-block-content {background-color: rgba(0,0,0,0.3)!important;}.mgt-promo-block-1398020818.mgt-promo-block.animated:hover .mgt-promo-block-content {background-color: rgba(0,0,0,0.5)!important;}<\/style><div class=\"mgt-promo-block animated white-text cover-image text-size-normal darken mgt-promo-block-1398020818 wpb_content_element\" data-style=\"background-image: url(https:\/\/assurancetraducoes.com.br\/wp-content\/uploads\/2016\/03\/bg-diferenciais.jpg);background-repeat: no-repeat;width: 100%; height: 650px;\"><div class=\"mgt-promo-block-content\"><div class=\"mgt-promo-block-content-inside\"><\/div><\/div><\/div>[\/vc_column_inner][vc_column_inner width=&#8221;1\/2&#8243;]<style scoped='scoped'>.mgt-promo-block-730965936.mgt-promo-block.animated:hover .mgt-promo-block-content {background-color: rgba(0,0,0,0.5)!important;}<\/style><div class=\"mgt-promo-block animated white-text text-size-normal no-darken mgt-promo-block-730965936 wpb_content_element\" data-style=\"background-color: #2b2b2b;width: 100%; height: 650px;\"><div class=\"mgt-promo-block-content va-top\"><div class=\"mgt-promo-block-content-inside vc_custom_1458065903639\">\n<h1 style=\"text-align: left\">Os diferenciais da Assurance<\/h1>\n<p style=\"text-align: left\"><img loading=\"lazy\" decoding=\"async\" class=\"alignnone wp-image-1899 size-full\" src=\"\/wp-content\/uploads\/2016\/03\/wave-white.png\" alt=\"\" width=\"57\" height=\"11\" \/>\n<p style=\"text-align: left;padding: 20px 0 20px 0\">Conhecimentos de auditoria independente, padr\u00f5es Big Four.\n<p style=\"text-align: left;padding: 20px 0 20px 0\">Ceticismo e rigor, como os de um auditor.\n<p style=\"text-align: left;padding: 20px 0 20px 0\">Cumprimento de prazos e pragmatismo na negocia\u00e7\u00e3o de deadlines.\n<p style=\"text-align: left;padding: 20px 0 20px 0\">Interpreta\u00e7\u00e3o proativa e assertiva das informa\u00e7\u00f5es com base em contextualiza\u00e7\u00e3o da empresa cliente.\n<p style=\"text-align: left;padding: 20px 0 20px 0\">Apoio de especialistas independentes para temas complexos.\n<p style=\"text-align: left;padding: 20px 0 20px 0\">Certifica\u00e7\u00e3o de profici\u00eancia em ingl\u00eas: Cambridge e Oxford.\n<\/div><\/div><\/div>[\/vc_column_inner][\/vc_row_inner][\/vc_column][\/vc_row][vc_row][vc_column][vc_empty_space height=&#8221;100px&#8221;][\/vc_column][\/vc_row][vc_row full_width=&#8221;stretch_row&#8221; row_onepage_id=&#8221;#contato&#8221; css=&#8221;.vc_custom_1458073292091{padding-top: 50px !important;padding-bottom: 50px !important;background-image: url(https:\/\/assurancetraducoes.com.br\/wp-content\/uploads\/2016\/03\/pixel-grid.png?id=1926) !important;}&#8221;][vc_column width=&#8221;1\/2&#8243;][vc_column_text]<\/p>\n<h1 style=\"text-align: left;\">Contato<\/h1>\n<p style=\"text-align: left;\"><img loading=\"lazy\" decoding=\"async\" class=\"alignnone wp-image-1876 size-full\" src=\"\/wp-content\/uploads\/2016\/03\/wave.png\" alt=\"\" width=\"57\" height=\"11\" \/><\/p>\n<p>[\/vc_column_text][vc_empty_space][vc_column_text]<\/p>\n<h3>Rua Gomes de Carvalho, 911<br \/>\nVila Ol\u00edmpia &#8211; S\u00e3o Paulo\/SP<br \/>\nCEP 04547-003<\/h3>\n<p>[vc_empty_space]<\/p>\n<h3>+55 (11)\u00a02818-3344<\/h3>\n<h3>+55 (11)\u00a097596-9306<\/h3>\n<p>[vc_empty_space]<\/p>\n<h3>contato@assurancetraducoes.com.br<\/h3>\n<p>__[\/vc_column_text][vc_column_text]<a href=\"https:\/\/www.facebook.com\/assurancetraducoes\" target=\"_blank\" rel=\"noopener noreferrer\">Facebook\/assurancetraducoes<\/a><\/p>\n<p><a href=\"https:\/\/www.linkedin.com\/company\/assurance-tradu%C3%A7%C3%B5es\" target=\"_blank\" rel=\"noopener noreferrer\">LinkedIn\/assurance-tradu\u00e7\u00f5es<\/a>[\/vc_column_text][\/vc_column][vc_column width=&#8221;1\/2&#8243;][vc_empty_space]\n<div class=\"wpcf7 no-js\" id=\"wpcf7-f3291-o1\" lang=\"pt-BR\" dir=\"ltr\" data-wpcf7-id=\"3291\">\n<div class=\"screen-reader-response\"><p role=\"status\" aria-live=\"polite\" aria-atomic=\"true\"><\/p> <ul><\/ul><\/div>\n<form action=\"\/index.php?rest_route=%2Fwp%2Fv2%2Fpages%2F1873#wpcf7-f3291-o1\" method=\"post\" class=\"wpcf7-form init\" aria-label=\"Formul\u00e1rios de contato\" novalidate=\"novalidate\" data-status=\"init\">\n<fieldset class=\"hidden-fields-container\"><input type=\"hidden\" name=\"_wpcf7\" value=\"3291\" \/><input type=\"hidden\" name=\"_wpcf7_version\" value=\"6.1.5\" \/><input type=\"hidden\" name=\"_wpcf7_locale\" value=\"pt_BR\" \/><input type=\"hidden\" name=\"_wpcf7_unit_tag\" value=\"wpcf7-f3291-o1\" \/><input type=\"hidden\" name=\"_wpcf7_container_post\" value=\"0\" \/><input type=\"hidden\" name=\"_wpcf7_posted_data_hash\" value=\"\" \/>\n<\/fieldset>\n<p>Seu nome (obrigat\u00f3rio)\n<\/p>\n<p><span class=\"wpcf7-form-control-wrap\" data-name=\"your-name\"><input size=\"40\" maxlength=\"400\" class=\"wpcf7-form-control wpcf7-text wpcf7-validates-as-required\" aria-required=\"true\" aria-invalid=\"false\" value=\"\" type=\"text\" name=\"your-name\" \/><\/span>\n<\/p>\n<p>Seu e-mail (obrigat\u00f3rio)\n<\/p>\n<p><span class=\"wpcf7-form-control-wrap\" data-name=\"your-email\"><input size=\"40\" maxlength=\"400\" class=\"wpcf7-form-control wpcf7-email wpcf7-validates-as-required wpcf7-text wpcf7-validates-as-email\" aria-required=\"true\" aria-invalid=\"false\" value=\"\" type=\"email\" name=\"your-email\" \/><\/span>\n<\/p>\n<p>Telefone<br \/>\n<span class=\"wpcf7-form-control-wrap\" data-name=\"date-485\"><input size=\"40\" maxlength=\"400\" class=\"wpcf7-form-control wpcf7-tel wpcf7-text wpcf7-validates-as-tel\" aria-invalid=\"false\" value=\"\" type=\"tel\" name=\"date-485\" \/><\/span>\n<\/p>\n<p>Assunto\n<\/p>\n<p><span class=\"wpcf7-form-control-wrap\" data-name=\"your-subject\"><input size=\"40\" maxlength=\"400\" class=\"wpcf7-form-control wpcf7-text\" aria-invalid=\"false\" value=\"\" type=\"text\" name=\"your-subject\" \/><\/span>\n<\/p>\n<p>Sua mensagem\n<\/p>\n<p><span class=\"wpcf7-form-control-wrap\" data-name=\"your-message\"><textarea cols=\"40\" rows=\"10\" maxlength=\"2000\" class=\"wpcf7-form-control wpcf7-textarea\" aria-invalid=\"false\" name=\"your-message\"><\/textarea><\/span>\n<\/p>\n<p><input class=\"wpcf7-form-control wpcf7-submit has-spinner\" type=\"submit\" value=\"Enviar\" \/>\n<\/p><div class=\"wpcf7-response-output\" aria-hidden=\"true\"><\/div>\n<\/form>\n<\/div>\n[\/vc_column][\/vc_row]<\/p>\n","protected":false},"excerpt":{"rendered":"<p>[vc_row full_width=&#8221;stretch_row_content_no_spaces&#8221; full_height=&#8221;yes&#8221; row_onepage_id=&#8221;#home&#8221;][vc_column][rev_slider alias=&#8221;home-assurance&#8221;][\/vc_column][\/vc_row][vc_row][vc_column][vc_empty_space height=&#8221;100px&#8221;][\/vc_column][\/vc_row][vc_row full_width=&#8221;stretch_row&#8221; full_height=&#8221;yes&#8221; parallax=&#8221;content-moving&#8221; parallax_image=&#8221;1890&#8243; row_onepage_id=&#8221;#sobre&#8221;][vc_column][vc_row_inner css=&#8221;.vc_custom_1457710720149{margin-right: 30px !important;margin-left: 30px !important;}&#8221;][vc_column_inner][vc_column_text] Bem vindo&#8230;<\/p>\n","protected":false},"author":1,"featured_media":0,"parent":0,"menu_order":0,"comment_status":"closed","ping_status":"closed","template":"","meta":{"footnotes":""},"class_list":["post-1873","page","type-page","status-publish","hentry"],"_links":{"self":[{"href":"https:\/\/assurancetraducoes.com.br\/index.php?rest_route=\/wp\/v2\/pages\/1873","targetHints":{"allow":["GET"]}}],"collection":[{"href":"https:\/\/assurancetraducoes.com.br\/index.php?rest_route=\/wp\/v2\/pages"}],"about":[{"href":"https:\/\/assurancetraducoes.com.br\/index.php?rest_route=\/wp\/v2\/types\/page"}],"author":[{"embeddable":true,"href":"https:\/\/assurancetraducoes.com.br\/index.php?rest_route=\/wp\/v2\/users\/1"}],"replies":[{"embeddable":true,"href":"https:\/\/assurancetraducoes.com.br\/index.php?rest_route=%2Fwp%2Fv2%2Fcomments&post=1873"}],"version-history":[{"count":0,"href":"https:\/\/assurancetraducoes.com.br\/index.php?rest_route=\/wp\/v2\/pages\/1873\/revisions"}],"wp:attachment":[{"href":"https:\/\/assurancetraducoes.com.br\/index.php?rest_route=%2Fwp%2Fv2%2Fmedia&parent=1873"}],"curies":[{"name":"wp","href":"https:\/\/api.w.org\/{rel}","templated":true}]}}